{"id":14,"date":"2015-10-06T21:41:08","date_gmt":"2015-10-06T21:41:08","guid":{"rendered":"http:\/\/octane.progressionstudios.com\/?page_id=14"},"modified":"2022-06-11T00:41:12","modified_gmt":"2022-06-11T00:41:12","slug":"contactos","status":"publish","type":"page","link":"http:\/\/lisbonclassics.com\/en\/contactos\/","title":{"rendered":"Contact"},"content":{"rendered":"<p>[vc_row css=&#8221;.vc_custom_1456860461589{margin-bottom: 60px !important;padding-top: 50px !important;padding-right: 60px !important;padding-bottom: 40px !important;padding-left: 60px !important;background-color: #edede4 !important;}&#8221;][vc_column css=&#8221;.vc_custom_1456860450743{background-color: #edede4 !important;}&#8221;][vc_custom_heading text=&#8221;Contact Lisbon Classics&#8221; font_container=&#8221;tag:h5|font_size:32px|text_align:left&#8221; use_theme_fonts=&#8221;yes&#8221;][vc_column_text]<span class=\"widget-pane-section-info-text\">Do you have a question? Do not hesitate to contact me.<br \/>\n<\/span><\/p>\n<p><span class=\"widget-pane-section-info-text\">Morada: Av. de Ant\u00f3nio Jos\u00e9 de Almeida 28, 1000-044 Lisboa, Portugal<\/span><\/p>\n<p>Telem\u00f3vel: +351 964 014 758<\/p>\n<p>Email: pl@lisbonclassics.com[\/vc_column_text][\/vc_column][\/vc_row][vc_row][vc_column]<div role=\"form\" class=\"wpcf7\" id=\"wpcf7-f2930-o2\" lang=\"pt-PT\" dir=\"ltr\">\n<div class=\"screen-reader-response\"><\/div>\n<form action=\"\/en\/wp-json\/wp\/v2\/pages\/14#wpcf7-f2930-o2\" method=\"post\" class=\"wpcf7-form\" novalidate=\"novalidate\">\n<div style=\"display: none;\">\n<input type=\"hidden\" name=\"_wpcf7\" value=\"2930\" \/>\n<input type=\"hidden\" name=\"_wpcf7_version\" value=\"4.4.2\" \/>\n<input type=\"hidden\" name=\"_wpcf7_locale\" value=\"pt_PT\" \/>\n<input type=\"hidden\" name=\"_wpcf7_unit_tag\" value=\"wpcf7-f2930-o2\" \/>\n<input type=\"hidden\" name=\"_wpnonce\" value=\"3035d9312d\" \/>\n<\/div>\n<p>O seu nome (obrigat\u00f3rio)<br \/>\n    <span class=\"wpcf7-form-control-wrap your-name\"><input type=\"text\" name=\"your-name\" value=\"\" size=\"40\" class=\"wpcf7-form-control wpcf7-text wpcf7-validates-as-required\" aria-required=\"true\" aria-invalid=\"false\" \/><\/span> <\/p>\n<p>O seu email (obrigat\u00f3rio)<br \/>\n    <span class=\"wpcf7-form-control-wrap your-email\"><input type=\"email\" name=\"your-email\" value=\"\" size=\"40\" class=\"wpcf7-form-control wpcf7-text wpcf7-email wpcf7-validates-as-required wpcf7-validates-as-email\" aria-required=\"true\" aria-invalid=\"false\" \/><\/span> <\/p>\n<p>O seu telefone <span class=\"wpcf7-form-control-wrap tel-45\"><input type=\"tel\" name=\"tel-45\" value=\"\" size=\"40\" class=\"wpcf7-form-control wpcf7-text wpcf7-tel wpcf7-validates-as-tel\" aria-invalid=\"false\" \/><\/span>\n<\/p>\n<p>A sua mensagem<br \/>\n    <span class=\"wpcf7-form-control-wrap your-message\"><textarea name=\"your-message\" cols=\"40\" rows=\"10\" class=\"wpcf7-form-control wpcf7-textarea\" aria-invalid=\"false\"><\/textarea><\/span> <\/p>\n<div class=\"wpcf7-form-control-wrap\"><div data-sitekey=\"6LfH1JQUAAAAAGN15ssS8NUKysmf3vMVOHyQJzFY\" class=\"wpcf7-form-control g-recaptcha wpcf7-recaptcha\"><\/div>\n<noscript>\n\t<div style=\"width: 302px; height: 422px;\">\n\t\t<div style=\"width: 302px; height: 422px; position: relative;\">\n\t\t\t<div style=\"width: 302px; height: 422px; position: absolute;\">\n\t\t\t\t<iframe src=\"https:\/\/www.google.com\/recaptcha\/api\/fallback?k=6LfH1JQUAAAAAGN15ssS8NUKysmf3vMVOHyQJzFY\" frameborder=\"0\" scrolling=\"no\" style=\"width: 302px; height:422px; border-style: none;\">\n\t\t\t\t<\/iframe>\n\t\t\t<\/div>\n\t\t\t<div style=\"width: 300px; height: 60px; border-style: none; bottom: 12px; left: 25px; margin: 0px; padding: 0px; right: 25px; background: #f9f9f9; border: 1px solid #c1c1c1; border-radius: 3px;\">\n\t\t\t\t<textarea id=\"g-recaptcha-response\" name=\"g-recaptcha-response\" class=\"g-recaptcha-response\" style=\"width: 250px; height: 40px; border: 1px solid #c1c1c1; margin: 10px 25px; padding: 0px; resize: none;\">\n\t\t\t\t<\/textarea>\n\t\t\t<\/div>\n\t\t<\/div>\n\t<\/div>\n<\/noscript>\n<\/div>\n<p><input type=\"submit\" value=\"Enviar\" class=\"wpcf7-form-control wpcf7-submit\" \/><\/p>\n<div class=\"wpcf7-response-output wpcf7-display-none\"><\/div><\/form><\/div>[\/vc_column][\/vc_row]<\/p>","protected":false},"excerpt":{"rendered":"<p>[vc_row css=&#8221;.vc_custom_1456860461589{margin-bottom: 60px !important;padding-top: 50px !important;padding-right: 60px !important;padding-bottom: 40px !important;padding-left: 60px !important;background-color: #edede4 !important;}&#8221;][vc_column css=&#8221;.vc_custom_1456860450743{background-color: #edede4 !important;}&#8221;][vc_custom_heading text=&#8221;Contact Lisbon Classics&#8221; font_container=&#8221;tag:h5|font_size:32px|text_align:left&#8221; use_theme_fonts=&#8221;yes&#8221;][vc_column_text]Do you have a question? Do not hesitate to contact me. Morada: Av. de Ant\u00f3nio Jos\u00e9 de Almeida 28, 1000-044 Lisboa, Portugal Telem\u00f3vel: +351 964 014 758 Email: pl@lisbonclassics.com[\/vc_column_text][\/vc_column][\/vc_row][vc_row][vc_column][\/vc_column][\/vc_row]<\/p>\n","protected":false},"author":1,"featured_media":0,"parent":0,"menu_order":0,"comment_status":"closed","ping_status":"closed","template":"","meta":{"footnotes":""},"_links":{"self":[{"href":"http:\/\/lisbonclassics.com\/en\/wp-json\/wp\/v2\/pages\/14"}],"collection":[{"href":"http:\/\/lisbonclassics.com\/en\/wp-json\/wp\/v2\/pages"}],"about":[{"href":"http:\/\/lisbonclassics.com\/en\/wp-json\/wp\/v2\/types\/page"}],"author":[{"embeddable":true,"href":"http:\/\/lisbonclassics.com\/en\/wp-json\/wp\/v2\/users\/1"}],"replies":[{"embeddable":true,"href":"http:\/\/lisbonclassics.com\/en\/wp-json\/wp\/v2\/comments?post=14"}],"version-history":[{"count":50,"href":"http:\/\/lisbonclassics.com\/en\/wp-json\/wp\/v2\/pages\/14\/revisions"}],"predecessor-version":[{"id":4245,"href":"http:\/\/lisbonclassics.com\/en\/wp-json\/wp\/v2\/pages\/14\/revisions\/4245"}],"wp:attachment":[{"href":"http:\/\/lisbonclassics.com\/en\/wp-json\/wp\/v2\/media?parent=14"}],"curies":[{"name":"wp","href":"https:\/\/api.w.org\/{rel}","templated":true}]}}